{"id":8602,"date":"2024-12-10T11:46:04","date_gmt":"2024-12-10T10:46:04","guid":{"rendered":"https:\/\/www.aedbiz.org\/web-mapa\/"},"modified":"2025-04-09T14:16:15","modified_gmt":"2025-04-09T12:16:15","slug":"web-mapa","status":"publish","type":"page","link":"https:\/\/www.aedbiz.org\/eu\/web-mapa\/","title":{"rendered":"Web mapa"},"content":{"rendered":"<div class=\"wpb-content-wrapper\"><p>[vc_row][vc_column][vc_column_text css=&#8221;&#8221;]<ul class='webmap'>\n\r<li><a href='https:\/\/www.aedbiz.org\/eu\/aed-2025-sarirako-hautagaitzen-aurkezpena\/'>AED 2025 sarirako hautagaitzen aurkezpena<\/a><\/li>\n\r<li><a href='https:\/\/www.aedbiz.org\/eu\/'>AED - Bizkaiko Emakume Enpresarien Elkartea<\/a><\/li>\n\r<li><a href='https:\/\/www.aedbiz.org\/eu\/zergatik-elkartu\/'>Zergatik elkartu?<\/a><\/li>\n\r<li><a href='https:\/\/www.aedbiz.org\/eu\/nortzuk-gara\/'>Nortzuk gara<\/a><\/li>\n\r<li><a href='https:\/\/www.aedbiz.org\/eu\/gobernu-organoak\/'>Gobernu organoak<\/a><\/li>\n\r<li><a href='https:\/\/www.aedbiz.org\/eu\/gure-helburuak\/'>Gure helburuak<\/a><\/li>\n\r<li><a href='https:\/\/www.aedbiz.org\/eu\/xedea-ikuspegia-balioak\/'>Xedea, ikuspegia, balioak<\/a><\/li>\n\r<li><a href='https:\/\/www.aedbiz.org\/eu\/gure-bazkideak\/'>Gure bazkideak<\/a><\/li>\n\r<li><a href='https:\/\/www.aedbiz.org\/eu\/jarri-aedrekin-harremanetan\/'>Jarri AEDrekin harremanetan<\/a><\/li>\n\r<li><a href='https:\/\/www.aedbiz.org\/eu\/albisteak\/'>Albisteak<\/a><\/li>\n\r<li><a href='https:\/\/www.aedbiz.org\/eu\/programa-impulsa\/'>Impulsa Programa<\/a><\/li>\n\r<li><a href='https:\/\/www.aedbiz.org\/eu\/afterwork\/'>Afterwork<\/a><\/li>\n\r<li><a href='https:\/\/www.aedbiz.org\/eu\/andrekintzailea\/'>Andrekintzailea<\/a><\/li>\n\r<li><a href='https:\/\/www.aedbiz.org\/eu\/wexxchange-elkarrizketak\/'>WeXXchange elkarrizketak<\/a><\/li>\n\r<li><a href='https:\/\/www.aedbiz.org\/eu\/lankidetza-hitzarmenak-eta-akordioak\/'>Lankidetza hitzarmenak eta akordioak<\/a><\/li>\n\r<li><a href='https:\/\/www.aedbiz.org\/eu\/networking-jardunaldiak\/'>Networking jardunaldiak<\/a><\/li>\n\r<li><a href='https:\/\/www.aedbiz.org\/eu\/prestakuntza\/'>Prestakuntza<\/a><\/li>\n\r<li><a href='https:\/\/www.aedbiz.org\/eu\/enpresa-foroa\/'>Enpresa foroa<\/a><\/li>\n\r<li><a href='https:\/\/www.aedbiz.org\/eu\/aed-enpresa-saria\/'>AED Enpresa Saria<\/a><\/li>\n\r<li><a href='https:\/\/www.aedbiz.org\/eu\/emakumeak-kontseiluetan\/'>Emakumeak kontseiluetan<\/a><\/li>\n\r<li><a href='https:\/\/www.aedbiz.org\/eu\/emakumea-enpresa-behatokia\/'>Emakumea enpresa behatokia<\/a><\/li>\n\r<li><a href='https:\/\/www.aedbiz.org\/eu\/merkataritzako-emakume-liderrak\/'>Merkataritzako emakume liderrak<\/a><\/li>\n\r<li><a href='https:\/\/www.aedbiz.org\/eu\/bultzatu\/'>Impulsa<\/a><\/li>\n\r<li><a href='https:\/\/www.aedbiz.org\/eu\/nire-bazkide-profila\/'>Nire bazkide profila<\/a><\/li>\n\r<li><a href='https:\/\/www.aedbiz.org\/eu\/lege-oharra\/'>Lege-oharra eta Pribatutasun-politika<\/a><\/li>\n\r<li><a href='https:\/\/www.aedbiz.org\/eu\/web-mapa\/'>Web mapa<\/a><\/li>\n\r<li><a href='https:\/\/www.aedbiz.org\/eu\/cookie-politika\/'>Cookie politika<\/a><\/li>\n\r<\/ul>\n\r<h2>Posts<\/h2><ul class='webmap'><li><a href='https:\/\/www.aedbiz.org\/eu\/el-foro-empresa-2026-de-aed-pone-el-foco-en-el-avance-aun-insuficiente-de-la-mujer-en-los-organos-de-decision\/'>AEDren Enpresa Foro 2026ak arreta jarri du erabaki-organoetan emakumeen presentziaren aurrerapenean, oraindik ere nahikoa ez den horretan<\/a><\/li><li><a href='https:\/\/www.aedbiz.org\/eu\/aed-bizkaia-celebra-el-foro-empresa-2026-para-impulsar-una-direccion-empresarial-mas-inclusiva\/'>AED Bizkaia celebra el Foro Empresa 2026 para impulsar una direcci\u00f3n empresarial m\u00e1s inclusiva<\/a><\/li><li><a href='https:\/\/www.aedbiz.org\/eu\/bizkaiko-enpresari-eta-zuzendarientzako-networking-programa-abiatzen-dugu\/'>Bizkaiko Enpresari eta Zuzendarientzako Networking Programa abiatzen dugu<\/a><\/li><li><a href='https:\/\/www.aedbiz.org\/eu\/30-urte-emakumeen-lidergoa-bultzatzen-%c2%b7-aed-2025-enpresa-sari-ospetsuaren-ekitaldia-jaia-eta-emozioa-uztartu-zituen-guggenheim-bilbao-museoan\/'>30 urte emakumeen lidergoa bultzatzen \u00b7 AED 2025 Enpresa Sari ospetsuaren ekitaldia jaia eta emozioa uztartu zituen Guggenheim Bilbao Museoan<\/a><\/li><li><a href='https:\/\/www.aedbiz.org\/eu\/aed-bizkaiak-30-urteurrena-ospatu-du-eta-aed-2025-enpresa-sariaren-sarituak-aurkeztu-ditu\/'>AED Bizkaiak 30. urteurrena ospatu du eta 2025eko Enpresa Sariaren sarituak aurkeztu ditu<\/a><\/li><li><a href='https:\/\/www.aedbiz.org\/eu\/aed-bizkaia-k-2025eko-enpresa-saria-aurkeztu-du\/'>AED Bizkaia-k 2025eko Enpresa Saria aurkeztu du<\/a><\/li><li><a href='https:\/\/www.aedbiz.org\/eu\/el-networking-intergeneracional-transferencia-de-conocimiento\/'>Sare-lana belaunaldien artean: ezagutzaren transferentzia<\/a><\/li><li><a href='https:\/\/www.aedbiz.org\/eu\/aed-bizkaia-convoca-su-premio-empresarial-2025\/'>AEDk bere 2025eko Enpresa Saria deitu du<\/a><\/li><li><a href='https:\/\/www.aedbiz.org\/eu\/ii-merkataritza-foroa-2025-ingurune-eraldatzen-duten-emakumeak-saltzetik-enpresa-liderra-izatera\/'>II. MERKATARITZA FOROA 2025 | Ingurua eraldatzen duten emakumeak: saltzetik enpresa liderrak izatera<\/a><\/li><li><a href='https:\/\/www.aedbiz.org\/eu\/emakumeak-euskadiko-administrazio-kontseiluen-25ean-daude\/'>Emakumeak Euskadiko administrazio-kontseiluen % 25ean daude<\/a><\/li><li><a href='https:\/\/www.aedbiz.org\/eu\/aed-2024-enpresa-sariak-bizkaiko-emakumeen-lidergoa-eskertzen-du\/'>AED 2024 Enpresa Sariak Bizkaiko emakumeen lidergoa eskertzen du<\/a><\/li><li><a href='https:\/\/www.aedbiz.org\/eu\/aedk-bizkaiko-i-merkataritza-foroa-antolatu-du-emakumeen-lidergoa-retailean\/'>AEDk Bizkaiko I. Merkataritza Foroa antolatu du: emakumeen lidergoa retailean<\/a><\/li><li><a href='https:\/\/www.aedbiz.org\/eu\/aedk-belaunaldi-guztientzako-jardunaldi-batekin-eman-dio-hasiera-impulsa-programaren-laugarren-edizioari\/'>AEDk belaunaldi guztientzako jardunaldi batekin eman dio hasiera Impulsa programaren laugarren edizioari<\/a><\/li><li><a href='https:\/\/www.aedbiz.org\/eu\/bizkaiko-enpresen-eraldaketa-bultzatuz-ekinbarri-afterwork-eko-gogoetak\/'>Bizkaiko enpresen eraldaketa bultzatuz: EkinBarri AfterWork-eko gogoetak<\/a><\/li><li><a href='https:\/\/www.aedbiz.org\/eu\/euskal-enpresetako-administrazio-kontseiluetan-dauden-emakumeen-kopurua-22-izaten-jarraitzen-du\/'>Euskal enpresetako administrazio-kontseiluetan dauden emakumeen kopurua % 22 izaten jarraitzen du<\/a><\/li><li><a href='https:\/\/www.aedbiz.org\/eu\/aed-enpresa-sari-ospetsua-banatzeko-ospakizunaren-gaua\/'>AED Enpresa Sari Ospetsua banatzeko ospakizunaren gaua<\/a><\/li><li><a href='https:\/\/www.aedbiz.org\/eu\/andrekintzailea-programa-emakumeen-ekintzailetza-bultzatzeko-lan-egiten\/'>ANDREkintzailea programa: Emakumeen ekintzailetza bultzatzeko lan egiten<\/a><\/li><li><a href='https:\/\/www.aedbiz.org\/eu\/impulsa-programaren-iii-edizioa\/'>\u00abIMPULSA\u00bb programaren III. edizioa<\/a><\/li><li><a href='https:\/\/www.aedbiz.org\/eu\/aedk-antolatutako-networking-jardunaldiak-arrakasta-handia-izan-zuen\/'>AEDk antolatutako Networking jardunaldiak arrakasta handia izan zuen<\/a><\/li><li><a href='https:\/\/www.aedbiz.org\/eu\/aedk-lankidetza-hitzarmen-berria-sinatu-du-cebekekin\/'>AEDk lankidetza hitzarmen berria sinatu du CEBEKekin<\/a><\/li><li><a href='https:\/\/www.aedbiz.org\/eu\/60-enpresak-baino-gehiagok-parte-hartu-zuten-belaunaldi-ezberdinen-arteko-networking-jardunaldian\/'>60 enpresak baino gehiagok parte hartu zuten Belaunaldi ezberdinen arteko Networking jardunaldian<\/a><\/li><li><a href='https:\/\/www.aedbiz.org\/eu\/carolina-perez-toledori-elkarrizketa-el-correon\/'>Carolina P\u00e9rez Toledori elkarrizketa El Correon<\/a><\/li><li><a href='https:\/\/www.aedbiz.org\/eu\/aedren-enpresa-sarien-banaketa-ekitaldia\/'>AEDren Enpresa Sarien banaketa ekitaldia<\/a><\/li><li><a href='https:\/\/www.aedbiz.org\/eu\/premio-empresarial-de-la-asociacion-de-empresarias-y-directivas-de-bizkaia-2016\/'>Bizkaiko Emakumezko Enpresari eta Zuzendarien Elkartearen 2016 enpresa saria<\/a><\/li><li><a href='https:\/\/www.aedbiz.org\/eu\/aedk-antolatutako-afterwork-a-arrakastatsua-izan-da\/'>AEDk antolatutako Afterwork-a arrakastatsua izan da<\/a><\/li><li><a href='https:\/\/www.aedbiz.org\/eu\/a20-2015-generoa-maskulinoa-gure-gonbidatuak-jasone-aretxabaleta\/'>A20 2015 \u2013 Generoa = Maskulinoa.- Gure Gonbidatuak Jasone Aretxabaleta<\/a><\/li><li><a href='https:\/\/www.aedbiz.org\/eu\/hypatiatik-curiera-klik-batean\/'>Hypatiatik Curiera, klik batean.- Gure Gonbidatuak Jasone Aretxabaleta<\/a><\/li><\/ul><\/p>\n<p>  <h2>Bazkideak<\/h2>\n  <ul>\n          <li><a href=\"https:\/\/www.aedbiz.org\/asociada\/nora-arbues-fernandez-149613580\/\">Nora Arbu\u00e9s Fern\u00e1ndez<\/a><\/li>\n          <li><a href=\"https:\/\/www.aedbiz.org\/asociada\/monica-lomban-mera-137861175\/\">M\u00f3nica Lomb\u00e1n Mera<\/a><\/li>\n          <li><a href=\"https:\/\/www.aedbiz.org\/asociada\/libe-de-las-fuentes-intxausti-58424476\/\">Libe de las Fuentes Intxausti<\/a><\/li>\n          <li><a href=\"https:\/\/www.aedbiz.org\/asociada\/isabel-muela-lopez-64302406\/\">Isabel Muela L\u00f3pez<\/a><\/li>\n          <li><a href=\"https:\/\/www.aedbiz.org\/asociada\/miren-alonso-munoz-94897572\/\">Miren Alonso Mu\u00f1oz<\/a><\/li>\n          <li><a href=\"https:\/\/www.aedbiz.org\/asociada\/sofia-fernandez-lorenzo-58425268\/\">Sofia Fernandez Lorenzo<\/a><\/li>\n          <li><a href=\"https:\/\/www.aedbiz.org\/asociada\/patricia-betolaza-garcia-58423731\/\">Patricia Betolaza Garc\u00eda<\/a><\/li>\n          <li><a href=\"https:\/\/www.aedbiz.org\/asociada\/lucia-alcibar-arechuluaga-santiago-137831162\/\">Lucia Alcibar-Arechuluaga Santiago<\/a><\/li>\n          <li><a href=\"https:\/\/www.aedbiz.org\/asociada\/beatriz-ibarrondo-saenz-de-pipaon-58423705\/\">Beatriz Ibarrondo S\u00e1enz de Pipa\u00f3n<\/a><\/li>\n          <li><a href=\"https:\/\/www.aedbiz.org\/asociada\/ainhoa-eguren-andres-58423364\/\">Ainhoa Eguren Andr\u00e9s<\/a><\/li>\n          <li><a href=\"https:\/\/www.aedbiz.org\/asociada\/jesy-hernandez-escriva-58424364\/\">Jesy Hern\u00e1ndez Escriv\u00e1<\/a><\/li>\n          <li><a href=\"https:\/\/www.aedbiz.org\/asociada\/teresa-aranguren-de-la-piedad-89858140\/\">Teresa Aranguren de la Piedad<\/a><\/li>\n          <li><a href=\"https:\/\/www.aedbiz.org\/asociada\/macarena-bergareche-sainz-de-los-terreros-58424634\/\">Macarena Bergareche Sainz de los Terreros<\/a><\/li>\n          <li><a href=\"https:\/\/www.aedbiz.org\/asociada\/nahia-egana-rodriguez-58425008\/\">Nahia Ega\u00f1a Rodriguez<\/a><\/li>\n          <li><a href=\"https:\/\/www.aedbiz.org\/asociada\/lorea-aristizabal-abasolo-63850778\/\">Lorea Aristizabal Abasolo<\/a><\/li>\n          <li><a href=\"https:\/\/www.aedbiz.org\/asociada\/begona-murguialday-martinez-58423723\/\">Bego\u00f1a Murguialday Martinez<\/a><\/li>\n          <li><a href=\"https:\/\/www.aedbiz.org\/asociada\/rebeca-angulo-perez-58424081\/\">Rebeca Angulo P\u00e9rez<\/a><\/li>\n          <li><a href=\"https:\/\/www.aedbiz.org\/asociada\/ana-aurtenetxe-uriguen-58423503\/\">Ana Aurtenetxe Urig\u00fcen<\/a><\/li>\n          <li><a href=\"https:\/\/www.aedbiz.org\/asociada\/barbara-monte-grao-58423693\/\">B\u00e1rbara Monte Grao<\/a><\/li>\n          <li><a href=\"https:\/\/www.aedbiz.org\/asociada\/nerea-campo-saralegui-58425039\/\">Nerea Campo Saralegui<\/a><\/li>\n          <li><a href=\"https:\/\/www.aedbiz.org\/asociada\/maria-beldarrain-152352054\/\">Mar\u00eda Beldarrain<\/a><\/li>\n          <li><a href=\"https:\/\/www.aedbiz.org\/asociada\/ana-bidaurrazaga-arnaiz-58612825\/\">Ana Bidaurrazaga Arnaiz<\/a><\/li>\n          <li><a href=\"https:\/\/www.aedbiz.org\/asociada\/adela-lameiras-58423314\/\">Adela Lameiras<\/a><\/li>\n          <li><a href=\"https:\/\/www.aedbiz.org\/asociada\/chantal-tallytate-145220826\/\">Chantal Tallytate<\/a><\/li>\n          <li><a href=\"https:\/\/www.aedbiz.org\/asociada\/yurdana-burgoa-58425417\/\">Yurdana Burgoa<\/a><\/li>\n          <li><a href=\"https:\/\/www.aedbiz.org\/asociada\/monica-prieto-142877031\/\">Monica Prieto<\/a><\/li>\n          <li><a href=\"https:\/\/www.aedbiz.org\/asociada\/julia-dieguez-perez-94333541\/\">Julia Dieguez Perez<\/a><\/li>\n          <li><a href=\"https:\/\/www.aedbiz.org\/asociada\/sara-mauleon-134282432\/\">Sara Maule\u00f3n<\/a><\/li>\n          <li><a href=\"https:\/\/www.aedbiz.org\/asociada\/carolina-najar-115674238\/\">Carolina Najar<\/a><\/li>\n          <li><a href=\"https:\/\/www.aedbiz.org\/asociada\/neide-giner-otazua-139594570\/\">Neide Giner Otazua<\/a><\/li>\n          <li><a href=\"https:\/\/www.aedbiz.org\/asociada\/vanesa-ortega-munoz-133311525\/\">Vanesa Ortega Mu\u00f1oz<\/a><\/li>\n          <li><a href=\"https:\/\/www.aedbiz.org\/asociada\/eva-vinuela-109257490\/\">Eva Vi\u00f1uela<\/a><\/li>\n          <li><a href=\"https:\/\/www.aedbiz.org\/asociada\/maria-kovesdi-mizda-58424763\/\">Mar\u00eda Kovesdi Mizda<\/a><\/li>\n          <li><a href=\"https:\/\/www.aedbiz.org\/asociada\/ainara-herce-san-martin-136317924\/\">Ainara Herce San Mart\u00edn<\/a><\/li>\n          <li><a href=\"https:\/\/www.aedbiz.org\/asociada\/yolanda-beldarrain-salaberria-136318789\/\">Yolanda Beldarrain Salaberria<\/a><\/li>\n          <li><a href=\"https:\/\/www.aedbiz.org\/asociada\/cristina-ruiz-urionabarrenetxea-115694139\/\">Cristina Ruiz Urionabarrenetxea<\/a><\/li>\n          <li><a href=\"https:\/\/www.aedbiz.org\/asociada\/ana-tabernero-131562639\/\">Ana Tabernero<\/a><\/li>\n          <li><a href=\"https:\/\/www.aedbiz.org\/asociada\/olaia-izaguirre-jimenez-94981100\/\">Olaia Izaguirre Jim\u00e9nez<\/a><\/li>\n          <li><a href=\"https:\/\/www.aedbiz.org\/asociada\/silvia-palenzuela-maeso-126357529\/\">Silvia Palenzuela Maeso<\/a><\/li>\n          <li><a href=\"https:\/\/www.aedbiz.org\/asociada\/sonia-de-bizcarra-rodriguez-116242781\/\">Sonia de Bizcarra Rodriguez<\/a><\/li>\n          <li><a href=\"https:\/\/www.aedbiz.org\/asociada\/maria-carrasco-111966784\/\">Maria Carrasco<\/a><\/li>\n          <li><a href=\"https:\/\/www.aedbiz.org\/asociada\/leyre-madariaga-96529036\/\">Leyre Madariaga<\/a><\/li>\n          <li><a href=\"https:\/\/www.aedbiz.org\/asociada\/lidia-alonso-menica-104423906\/\">Lidia Alonso Me\u00f1ica<\/a><\/li>\n          <li><a href=\"https:\/\/www.aedbiz.org\/asociada\/cristina-alonso-janez-107171346\/\">Cristina Alonso J\u00e1\u00f1ez<\/a><\/li>\n          <li><a href=\"https:\/\/www.aedbiz.org\/asociada\/resurreccion-garzon-abad-58425601\/\">Resurrecci\u00f3n Garzon Abad<\/a><\/li>\n          <li><a href=\"https:\/\/www.aedbiz.org\/asociada\/itxasne-valle-trobat-58424294\/\">Itxasne Valle Trobat<\/a><\/li>\n          <li><a href=\"https:\/\/www.aedbiz.org\/asociada\/susana-anduiza-rubio-58425289\/\">Susana Anduiza Rubio<\/a><\/li>\n          <li><a href=\"https:\/\/www.aedbiz.org\/asociada\/garbine-urrutikoetxea-zabala-58424094\/\">Garbi\u00f1e Urrutikoetxea Zabala<\/a><\/li>\n          <li><a href=\"https:\/\/www.aedbiz.org\/asociada\/nerea-barbadillo-ugarte-58423900\/\">Nerea Barbadillo Ugarte<\/a><\/li>\n          <li><a href=\"https:\/\/www.aedbiz.org\/asociada\/isabel-de-la-gala-58424271\/\">Isabel De La Gala<\/a><\/li>\n          <li><a href=\"https:\/\/www.aedbiz.org\/asociada\/charo-lorenzo-58423941\/\">Charo Lorenzo<\/a><\/li>\n          <li><a href=\"https:\/\/www.aedbiz.org\/asociada\/isabel-liebana-58424279\/\">Isabel Li\u00e9bana<\/a><\/li>\n          <li><a href=\"https:\/\/www.aedbiz.org\/asociada\/carmen-romo-diez-58423852\/\">Carmen Romo Diez<\/a><\/li>\n          <li><a href=\"https:\/\/www.aedbiz.org\/asociada\/eider-perez-58423978\/\">Eider Perez<\/a><\/li>\n          <li><a href=\"https:\/\/www.aedbiz.org\/asociada\/isabel-iturbe-mach-58424277\/\">Isabel Iturbe Mach<\/a><\/li>\n          <li><a href=\"https:\/\/www.aedbiz.org\/asociada\/itziar-epalza-urkiaga-58424305\/\">Itziar Epalza Urkiaga<\/a><\/li>\n          <li><a href=\"https:\/\/www.aedbiz.org\/asociada\/leire-legarreta-antunano-58424442\/\">Leire Legarreta Antu\u00f1ano<\/a><\/li>\n          <li><a href=\"https:\/\/www.aedbiz.org\/asociada\/ma-jose-de-diego-rivera-58424617\/\">M\u00aa Jos\u00e9 De Diego Rivera<\/a><\/li>\n          <li><a href=\"https:\/\/www.aedbiz.org\/asociada\/maria-luisa-molina-torija-58424622\/\">Maria Luisa Molina Torija<\/a><\/li>\n          <li><a href=\"https:\/\/www.aedbiz.org\/asociada\/magdalena-schmitt-mugica-58424646\/\">Magdalena Schmitt M\u00fagica<\/a><\/li>\n          <li><a href=\"https:\/\/www.aedbiz.org\/asociada\/maria-alicia-izquierdo-blanco-58424709\/\">Mar\u00eda Alicia Izquierdo Blanco<\/a><\/li>\n          <li><a href=\"https:\/\/www.aedbiz.org\/asociada\/maria-barandiaran-aburto-58424718\/\">Mar\u00eda Barandiaran Aburto<\/a><\/li>\n          <li><a href=\"https:\/\/www.aedbiz.org\/asociada\/maria-erkoreka-58424737\/\">Mar\u00eda Erkoreka<\/a><\/li>\n          <li><a href=\"https:\/\/www.aedbiz.org\/asociada\/susana-davila-ruiz-58425293\/\">Susana D\u00e1vila Ruiz<\/a><\/li>\n          <li><a href=\"https:\/\/www.aedbiz.org\/asociada\/amaya-alonso-asla-58423434\/\">Amaya Alonso Asla<\/a><\/li>\n          <li><a href=\"https:\/\/www.aedbiz.org\/asociada\/beatriz-lopez-danobeitia-58423706\/\">Beatriz L\u00f3pez Da\u00f1obeitia<\/a><\/li>\n          <li><a href=\"https:\/\/www.aedbiz.org\/asociada\/elena-guede-vazquez-58424132\/\">Elena Guede Vazquez<\/a><\/li>\n          <li><a href=\"https:\/\/www.aedbiz.org\/asociada\/rosa-carabel-58425211\/\">Rosa Carabel<\/a><\/li>\n          <li><a href=\"https:\/\/www.aedbiz.org\/asociada\/begona-rodriguez-lazaro-58423752\/\">Bego\u00f1a Rodr\u00edguez L\u00e1zaro<\/a><\/li>\n          <li><a href=\"https:\/\/www.aedbiz.org\/asociada\/gema-martinez-mendoza-58424108\/\">Gema Mart\u00ednez Mendoza<\/a><\/li>\n      <\/ul>\n  [\/vc_column_text][\/vc_column][\/vc_row]<\/p>\n<\/div>","protected":false},"excerpt":{"rendered":"<p>[vc_row][vc_column][vc_column_text css=&#8221;&#8221;] [\/vc_column_text][\/vc_column][\/vc_row]<\/p>\n","protected":false},"author":1,"featured_media":0,"parent":0,"menu_order":1030,"comment_status":"closed","ping_status":"closed","template":"","meta":{"footnotes":""},"class_list":["post-8602","page","type-page","status-publish","hentry","description-off"],"yoast_head":"<!-- This site is optimized with the Yoast SEO plugin v27.4 - https:\/\/yoast.com\/product\/yoast-seo-wordpress\/ -->\n<title>Web mapa - AED | Asociaci\u00f3n de empresarias y directivas de Bizkaia<\/title>\n<meta name=\"robots\" content=\"index, follow, max-snippet:-1, max-image-preview:large, max-video-preview:-1\" \/>\n<link rel=\"canonical\" href=\"https:\/\/www.aedbiz.org\/mapa-web\/\" \/>\n<meta property=\"og:locale\" content=\"eu_ES\" \/>\n<meta property=\"og:type\" content=\"article\" \/>\n<meta property=\"og:title\" content=\"Web mapa - AED | Asociaci\u00f3n de empresarias y directivas de Bizkaia\" \/>\n<meta property=\"og:description\" content=\"[vc_row][vc_column][vc_column_text css=&#8221;&#8221;] [\/vc_column_text][\/vc_column][\/vc_row]\" \/>\n<meta property=\"og:url\" content=\"https:\/\/www.aedbiz.org\/mapa-web\/\" \/>\n<meta property=\"og:site_name\" content=\"AED | Asociaci\u00f3n de empresarias y directivas de Bizkaia\" \/>\n<meta property=\"article:modified_time\" content=\"2025-04-09T12:16:15+00:00\" \/>\n<meta name=\"twitter:card\" content=\"summary_large_image\" \/>\n<script type=\"application\/ld+json\" class=\"yoast-schema-graph\">{\"@context\":\"https:\\\/\\\/schema.org\",\"@graph\":[{\"@type\":\"WebPage\",\"@id\":\"https:\\\/\\\/www.aedbiz.org\\\/mapa-web\\\/\",\"url\":\"https:\\\/\\\/www.aedbiz.org\\\/mapa-web\\\/\",\"name\":\"Web mapa - AED | Asociaci\u00f3n de empresarias y directivas de Bizkaia\",\"isPartOf\":{\"@id\":\"https:\\\/\\\/www.aedbiz.org\\\/#website\"},\"datePublished\":\"2024-12-10T10:46:04+00:00\",\"dateModified\":\"2025-04-09T12:16:15+00:00\",\"breadcrumb\":{\"@id\":\"https:\\\/\\\/www.aedbiz.org\\\/mapa-web\\\/#breadcrumb\"},\"inLanguage\":\"eu-ES\",\"potentialAction\":[{\"@type\":\"ReadAction\",\"target\":[\"https:\\\/\\\/www.aedbiz.org\\\/mapa-web\\\/\"]}]},{\"@type\":\"BreadcrumbList\",\"@id\":\"https:\\\/\\\/www.aedbiz.org\\\/mapa-web\\\/#breadcrumb\",\"itemListElement\":[{\"@type\":\"ListItem\",\"position\":1,\"name\":\"Portada\",\"item\":\"https:\\\/\\\/www.aedbiz.org\\\/eu\\\/\"},{\"@type\":\"ListItem\",\"position\":2,\"name\":\"Web mapa\"}]},{\"@type\":\"WebSite\",\"@id\":\"https:\\\/\\\/www.aedbiz.org\\\/#website\",\"url\":\"https:\\\/\\\/www.aedbiz.org\\\/\",\"name\":\"AED | Asociaci\u00f3n de empresarias y directivas de Bizkaia\",\"description\":\"\",\"potentialAction\":[{\"@type\":\"SearchAction\",\"target\":{\"@type\":\"EntryPoint\",\"urlTemplate\":\"https:\\\/\\\/www.aedbiz.org\\\/?s={search_term_string}\"},\"query-input\":{\"@type\":\"PropertyValueSpecification\",\"valueRequired\":true,\"valueName\":\"search_term_string\"}}],\"inLanguage\":\"eu-ES\"}]}<\/script>\n<!-- \/ Yoast SEO plugin. -->","yoast_head_json":{"title":"Web mapa - AED | Asociaci\u00f3n de empresarias y directivas de Bizkaia","robots":{"index":"index","follow":"follow","max-snippet":"max-snippet:-1","max-image-preview":"max-image-preview:large","max-video-preview":"max-video-preview:-1"},"canonical":"https:\/\/www.aedbiz.org\/mapa-web\/","og_locale":"eu_ES","og_type":"article","og_title":"Web mapa - AED | Asociaci\u00f3n de empresarias y directivas de Bizkaia","og_description":"[vc_row][vc_column][vc_column_text css=&#8221;&#8221;] [\/vc_column_text][\/vc_column][\/vc_row]","og_url":"https:\/\/www.aedbiz.org\/mapa-web\/","og_site_name":"AED | Asociaci\u00f3n de empresarias y directivas de Bizkaia","article_modified_time":"2025-04-09T12:16:15+00:00","twitter_card":"summary_large_image","schema":{"@context":"https:\/\/schema.org","@graph":[{"@type":"WebPage","@id":"https:\/\/www.aedbiz.org\/mapa-web\/","url":"https:\/\/www.aedbiz.org\/mapa-web\/","name":"Web mapa - AED | Asociaci\u00f3n de empresarias y directivas de Bizkaia","isPartOf":{"@id":"https:\/\/www.aedbiz.org\/#website"},"datePublished":"2024-12-10T10:46:04+00:00","dateModified":"2025-04-09T12:16:15+00:00","breadcrumb":{"@id":"https:\/\/www.aedbiz.org\/mapa-web\/#breadcrumb"},"inLanguage":"eu-ES","potentialAction":[{"@type":"ReadAction","target":["https:\/\/www.aedbiz.org\/mapa-web\/"]}]},{"@type":"BreadcrumbList","@id":"https:\/\/www.aedbiz.org\/mapa-web\/#breadcrumb","itemListElement":[{"@type":"ListItem","position":1,"name":"Portada","item":"https:\/\/www.aedbiz.org\/eu\/"},{"@type":"ListItem","position":2,"name":"Web mapa"}]},{"@type":"WebSite","@id":"https:\/\/www.aedbiz.org\/#website","url":"https:\/\/www.aedbiz.org\/","name":"AED | Asociaci\u00f3n de empresarias y directivas de Bizkaia","description":"","potentialAction":[{"@type":"SearchAction","target":{"@type":"EntryPoint","urlTemplate":"https:\/\/www.aedbiz.org\/?s={search_term_string}"},"query-input":{"@type":"PropertyValueSpecification","valueRequired":true,"valueName":"search_term_string"}}],"inLanguage":"eu-ES"}]}},"_links":{"self":[{"href":"https:\/\/www.aedbiz.org\/eu\/wp-json\/wp\/v2\/pages\/8602","targetHints":{"allow":["GET"]}}],"collection":[{"href":"https:\/\/www.aedbiz.org\/eu\/wp-json\/wp\/v2\/pages"}],"about":[{"href":"https:\/\/www.aedbiz.org\/eu\/wp-json\/wp\/v2\/types\/page"}],"author":[{"embeddable":true,"href":"https:\/\/www.aedbiz.org\/eu\/wp-json\/wp\/v2\/users\/1"}],"replies":[{"embeddable":true,"href":"https:\/\/www.aedbiz.org\/eu\/wp-json\/wp\/v2\/comments?post=8602"}],"version-history":[{"count":0,"href":"https:\/\/www.aedbiz.org\/eu\/wp-json\/wp\/v2\/pages\/8602\/revisions"}],"wp:attachment":[{"href":"https:\/\/www.aedbiz.org\/eu\/wp-json\/wp\/v2\/media?parent=8602"}],"curies":[{"name":"wp","href":"https:\/\/api.w.org\/{rel}","templated":true}]}}